{"id":225,"date":"2019-05-22T08:35:00","date_gmt":"2019-05-22T08:35:00","guid":{"rendered":"http:\/\/twostep-dev.eu\/airparc\/?page_id=225"},"modified":"2022-07-01T08:00:09","modified_gmt":"2022-07-01T08:00:09","slug":"zillertal","status":"publish","type":"page","link":"https:\/\/airparc.com\/zillertal\/","title":{"rendered":"Zillertal"},"content":{"rendered":"<div class=\"wpb-content-wrapper\"><p>[vc_row full_width=&#8221;stretch_row_content&#8221; css=&#8221;.vc_custom_1558970028264{background-color: #2991d6 !important;}&#8221;][vc_column width=&#8221;1\/3&#8243;][vc_column_text css_animation=&#8221;fadeIn&#8221;]<\/p>\n<p style=\"text-align: center;\"><span style=\"color: #ffffff; font-size: 24px;\"> Anfahrt von Wiesing: 15 min<\/span><\/p>\n<p>[\/vc_column_text][\/vc_column][vc_column width=&#8221;1\/3&#8243;][vc_column_text css_animation=&#8221;fadeIn&#8221;]<\/p>\n<p style=\"text-align: center;\"><span style=\"color: #ffffff; font-size: 24px;\"> 2 Stunden: \u20ac18<\/span><\/p>\n<p>[\/vc_column_text][\/vc_column][vc_column width=&#8221;1\/3&#8243;][vc_column_text css_animation=&#8221;fadeIn&#8221;]<\/p>\n<p style=\"text-align: center;\"><span style=\"color: #ffffff; font-size: 24px;\">Zillertalbahn Haltestelle Kaltenbach<\/span><\/p>\n<p>[\/vc_column_text][\/vc_column][\/vc_row][vc_row full_width=&#8221;stretch_row&#8221; equal_height=&#8221;yes&#8221; content_placement=&#8221;middle&#8221; css=&#8221;.vc_custom_1558620636135{margin-top: 0px !important;}&#8221;][vc_column][vc_empty_space height=&#8221;30px&#8221;][\/vc_column][\/vc_row][vc_row full_width=&#8221;stretch_row&#8221; equal_height=&#8221;yes&#8221; content_placement=&#8221;middle&#8221; css=&#8221;.vc_custom_1558620636135{margin-top: 0px !important;}&#8221;][vc_column][vc_column_text]<\/p>\n<h1 style=\"text-align: center;\">Tirols gr\u00f6\u00dfte Trampolin- \/ Freestylehalle<br \/>\n1800m\u00b2 AIRPARC<\/h1>\n<p>[\/vc_column_text][vc_empty_space height=&#8221;30px&#8221;][vc_column_text]<\/p>\n<p style=\"text-align: center;\">AIRPARC das Original. Mit langj\u00e4hriger Erfahrung und einem trendsportbegeisterten Team erf\u00fcllt er alle Tr\u00e4ume Funsportbegeisterter mitten in den Tiroler Bergen. Hier stehen der Spa\u00df und die Bewegung im Vordergrund. Ein ganzj\u00e4hrig ge\u00f6ffneter Playground der wetterunabh\u00e4ngig Zugang zu Trendsportarten bietet. Outdoor-Aktivit\u00e4ten wie Freeski, Snowboard, Parkour, Freestyle Akrobatik, Gymnastik, Skate, und vieles mehr ganzj\u00e4hrig zug\u00e4nglich im modernen Indoor-Playground.<\/p>\n<p style=\"text-align: center;\">Das in Kombination mit dem Kabooom Freizeitcenter!<\/p>\n<p style=\"text-align: center;\"><strong>Alles in einem Haus: AIRPARC, Gastro, Kegeln, Danzstudio, Bouldern, Squash und Eislaufen. FUN f\u00fcr die ganze Familie!<\/strong><\/p>\n<p>[\/vc_column_text][\/vc_column][\/vc_row][vc_row full_width=&#8221;stretch_row&#8221; equal_height=&#8221;yes&#8221; content_placement=&#8221;middle&#8221; css=&#8221;.vc_custom_1558620636135{margin-top: 0px !important;}&#8221;][vc_column][vc_empty_space height=&#8221;50px&#8221;][\/vc_column][\/vc_row][vc_row][vc_column]<div class=\"quick_fact align_center animate-math\"><h4 class=\"title heading_tag \">Fl\u00e4che<\/h4><div class=\"number-wrapper\"><span class=\"number\" data-to=\"1800\">1800<\/span><span class=\"label postfix\">m\u00b2<\/span><\/div><hr class=\"hr_narrow\" \/><div class=\"desc\"><\/div><\/div>\n[\/vc_column][\/vc_row][vc_row full_width=&#8221;stretch_row&#8221; equal_height=&#8221;yes&#8221; content_placement=&#8221;middle&#8221; css=&#8221;.vc_custom_1558620636135{margin-top: 0px !important;}&#8221;][vc_column][vc_empty_space height=&#8221;30px&#8221;][\/vc_column][\/vc_row][vc_row full_width=&#8221;stretch_row_content&#8221; css=&#8221;.vc_custom_1568817224849{background-color: #2991d6 !important;}&#8221; el_class=&#8221;bluebox&#8221;][vc_column width=&#8221;1\/3&#8243;][vc_column_text css_animation=&#8221;fadeIn&#8221; el_class=&#8221;blueboxes&#8221;]<\/p>\n<p style=\"text-align: center;\"><span style=\"color: #ffffff; font-size: 24px;\"> \u00d6FFNUNGSZEITEN:<\/span><\/p>\n<p style=\"text-align: center;\"><span style=\"color: #ffffff; font-size: 24px;\"> JETZT NEU<\/span><\/p>\n<p>[\/vc_column_text][\/vc_column][vc_column width=&#8221;1\/3&#8243;][vc_column_text css_animation=&#8221;fadeIn&#8221; el_class=&#8221;blueboxes&#8221;]<\/p>\n<p style=\"text-align: center;\"><span style=\"color: #ffffff; font-size: 24px;\"> DI-FR: 14-19h<br \/>\n<\/span><\/p>\n<p style=\"text-align: center;\"><span style=\"color: #ffffff; font-size: 24px;\"> FAMILY SESSION KIDS BIS 8J + ELTERN<br \/>\n<\/span><\/p>\n<p>[\/vc_column_text][\/vc_column][vc_column width=&#8221;1\/3&#8243;][vc_column_text css_animation=&#8221;fadeIn&#8221; el_class=&#8221;blueboxes&#8221;]<\/p>\n<p style=\"text-align: center;\"><span style=\"color: #ffffff; font-size: 24px;\">SA\/SO\/FEIERTAGS 13:00 &#8211; 19:00h<br \/>\n<\/span><\/p>\n<p style=\"text-align: center;\"><span style=\"color: #ffffff; font-size: 24px;\">JEDEN SAMSTAG 10:30 &#8211; 13:00h<br \/>\n<\/span><\/p>\n<p>[\/vc_column_text][\/vc_column][\/vc_row][vc_row full_width=&#8221;stretch_row_content&#8221; css=&#8221;.vc_custom_1558515885693{margin-top: 0px !important;margin-right: 0px !important;margin-bottom: 0px !important;margin-left: 0px !important;border-top-width: 0px !important;border-right-width: 0px !important;border-bottom-width: 0px !important;border-left-width: 0px !important;padding-top: 0px !important;padding-right: 0px !important;padding-bottom: 0px !important;padding-left: 0px !important;}&#8221;][vc_column css=&#8221;.vc_custom_1558515880928{margin-top: 0px !important;margin-right: 0px !important;margin-bottom: 0px !important;margin-left: 0px !important;border-top-width: 0px !important;border-right-width: 0px !important;border-bottom-width: 0px !important;border-left-width: 0px !important;padding-top: 0px !important;padding-right: 0px !important;padding-bottom: 0px !important;padding-left: 0px !important;}&#8221;][vc_row_inner css=&#8221;.vc_custom_1558515903773{margin-top: 0px !important;margin-right: 0px !important;margin-bottom: 0px !important;margin-left: 0px !important;border-top-width: 0px !important;border-right-width: 0px !important;border-bottom-width: 0px !important;border-left-width: 0px !important;padding-top: 0px !important;padding-right: 0px !important;padding-bottom: 0px !important;padding-left: 0px !important;}&#8221;][vc_column_inner width=&#8221;1\/3&#8243; css=&#8221;.vc_custom_1558515875022{margin-top: 0px !important;margin-right: 0px !important;margin-bottom: 0px !important;margin-left: 0px !important;border-top-width: 0px !important;border-right-width: 0px !important;border-bottom-width: 0px !important;border-left-width: 0px !important;padding-top: 0px !important;padding-right: 0px !important;padding-bottom: 0px !important;padding-left: 0px !important;}&#8221;][vc_single_image image=&#8221;715&#8243; img_size=&#8221;full&#8221; css=&#8221;.vc_custom_1582301058707{margin-top: 0px !important;margin-right: 0px !important;margin-bottom: -35px !important;margin-left: 0px !important;border-top-width: 0px !important;border-right-width: 0px !important;border-bottom-width: 0px !important;border-left-width: 0px !important;padding-top: 0px !important;padding-right: 0px !important;padding-bottom: 0px !important;padding-left: 0px !important;}&#8221;][\/vc_column_inner][vc_column_inner width=&#8221;1\/3&#8243; css=&#8221;.vc_custom_1558515852773{margin-top: 0px !important;margin-right: 0px !important;margin-bottom: 0px !important;margin-left: 0px !important;border-top-width: 0px !important;border-right-width: 0px !important;border-bottom-width: 0px !important;border-left-width: 0px !important;padding-top: 0px !important;padding-right: 0px !important;padding-bottom: 0px !important;padding-left: 0px !important;}&#8221;][vc_single_image image=&#8221;714&#8243; img_size=&#8221;full&#8221; css=&#8221;.vc_custom_1582301070403{margin-top: 0px !important;margin-right: 0px !important;margin-bottom: -35px !important;margin-left: 0px !important;border-top-width: 0px !important;border-right-width: 0px !important;border-bottom-width: 0px !important;border-left-width: 0px !important;padding-top: 0px !important;padding-right: 0px !important;padding-bottom: 0px !important;padding-left: 0px !important;}&#8221;][\/vc_column_inner][vc_column_inner width=&#8221;1\/3&#8243; css=&#8221;.vc_custom_1558515717664{margin-top: 0px !important;margin-right: 0px !important;margin-bottom: 0px !important;margin-left: 0px !important;border-top-width: 0px !important;border-right-width: 0px !important;border-bottom-width: 0px !important;border-left-width: 0px !important;padding-top: 0px !important;padding-right: 0px !important;padding-bottom: 0px !important;padding-left: 0px !important;}&#8221;][vc_single_image image=&#8221;713&#8243; img_size=&#8221;full&#8221; css=&#8221;.vc_custom_1582301080441{margin-top: 0px !important;margin-right: 0px !important;margin-bottom: -35px !important;margin-left: 0px !important;border-top-width: 0px !important;border-right-width: 0px !important;border-bottom-width: 0px !important;border-left-width: 0px !important;padding-top: 0px !important;padding-right: 0px !important;padding-bottom: 0px !important;padding-left: 0px !important;}&#8221;][\/vc_column_inner][\/vc_row_inner][\/vc_column][\/vc_row]<\/p>\n<\/div>","protected":false},"excerpt":{"rendered":"<p>[vc_row full_width=&#8221;stretch_row_content&#8221; css=&#8221;.vc_custom_1558970028264{background-color: #2991d6 !important;}&#8221;][vc_column width=&#8221;1\/3&#8243;][vc_column_text css_animation=&#8221;fadeIn&#8221;] Anfahrt von Wiesing: 15 min [\/vc_column_text][\/vc_column][vc_column width=&#8221;1\/3&#8243;][vc_column_text css_animation=&#8221;fadeIn&#8221;] 2 Stunden: \u20ac18 [\/vc_column_text][\/vc_column][vc_column width=&#8221;1\/3&#8243;][vc_column_text css_animation=&#8221;fadeIn&#8221;] Zillertalbahn Haltestelle Kaltenbach [\/vc_column_text][\/vc_column][\/vc_row][vc_row full_width=&#8221;stretch_row&#8221;<span class=\"excerpt-hellip\"> [\u2026]<\/span><\/p>\n","protected":false},"author":2,"featured_media":0,"parent":0,"menu_order":0,"comment_status":"closed","ping_status":"closed","template":"","meta":{"footnotes":""},"class_list":["post-225","page","type-page","status-publish","hentry"],"_links":{"self":[{"href":"https:\/\/airparc.com\/zillertal\/wp-json\/wp\/v2\/pages\/225","targetHints":{"allow":["GET"]}}],"collection":[{"href":"https:\/\/airparc.com\/zillertal\/wp-json\/wp\/v2\/pages"}],"about":[{"href":"https:\/\/airparc.com\/zillertal\/wp-json\/wp\/v2\/types\/page"}],"author":[{"embeddable":true,"href":"https:\/\/airparc.com\/zillertal\/wp-json\/wp\/v2\/users\/2"}],"replies":[{"embeddable":true,"href":"https:\/\/airparc.com\/zillertal\/wp-json\/wp\/v2\/comments?post=225"}],"version-history":[{"count":22,"href":"https:\/\/airparc.com\/zillertal\/wp-json\/wp\/v2\/pages\/225\/revisions"}],"predecessor-version":[{"id":926,"href":"https:\/\/airparc.com\/zillertal\/wp-json\/wp\/v2\/pages\/225\/revisions\/926"}],"wp:attachment":[{"href":"https:\/\/airparc.com\/zillertal\/wp-json\/wp\/v2\/media?parent=225"}],"curies":[{"name":"wp","href":"https:\/\/api.w.org\/{rel}","templated":true}]}}