{"id":205,"date":"2019-05-20T14:10:48","date_gmt":"2019-05-20T14:10:48","guid":{"rendered":"http:\/\/twostep-dev.eu\/airparc\/?page_id=205"},"modified":"2025-11-03T08:53:39","modified_gmt":"2025-11-03T08:53:39","slug":"party","status":"publish","type":"page","link":"https:\/\/airparc.com\/zillertal\/party\/","title":{"rendered":"Party"},"content":{"rendered":"<div class=\"wpb-content-wrapper\"><p>[vc_row][vc_column][vc_column_text css=&#8221;&#8221;]<\/p>\n<h2>Partytime &amp; Geburtstage<\/h2>\n<p><strong>Gruppen und Geburtstage jederzeit w\u00e4hrend der regul\u00e4ren \u00d6ffnungszeiten buchbar.\u00a0<\/strong><\/p>\n<p><strong>Der AIRPARC ist auch au\u00dferhalb der \u00d6ffnungszeiten buchbar. Gruppen ab 20 Personen sogar ohne Zusatzkosten.\u00a0<\/strong>[\/vc_column_text][\/vc_column][\/vc_row][vc_row][vc_column][vc_column_text css=&#8221;&#8221;]Dein unvergesslicher Geburtstag zu einem fairen Preis. Tarife laut Gruppentarifen.<\/p>\n<p>Zus\u00e4tzlich:<\/p>\n<ul>\n<li>Mitnahme von Kuchen und Deko\u00a0 erlaubt. Getr\u00e4nke, Snacks im Airparc erh\u00e4ltlich. Zus\u00e4tzlich bietet das Kabooom Bistro g\u00fcnstige Geburtstagspackages zum Essen mit Getr\u00e4nken.<\/li>\n<li>Private birthday lounge Gratis inkl. im Airparc(f\u00fcr 2h)<\/li>\n<\/ul>\n<p><strong>Buche deine Party jetzt und schreib uns an: <a href=\"mailto:bookings@air-parc.com\">bookings@airparc.com<\/a><\/strong>[\/vc_column_text][\/vc_column][\/vc_row][vc_row][vc_column][vc_empty_space height=&#8221;15px&#8221;][\/vc_column][\/vc_row][vc_row][vc_column width=&#8221;1\/2&#8243;][vc_single_image image=&#8221;760&#8243; img_size=&#8221;1080&#215;720&#8243;][vc_single_image image=&#8221;759&#8243; img_size=&#8221;1080&#215;1080&#8243;][\/vc_column][vc_column width=&#8221;1\/2&#8243;][vc_single_image image=&#8221;753&#8243; img_size=&#8221;1080&#215;720&#8243;][vc_single_image image=&#8221;762&#8243; img_size=&#8221;1080&#215;1080&#8243;][\/vc_column][\/vc_row][vc_row][vc_column][vc_empty_space height=&#8221;30px&#8221;][\/vc_column][\/vc_row][vc_row full_width=&#8221;stretch_row_content&#8221; css=&#8221;.vc_custom_1568817224849{background-color: #2991d6 !important;}&#8221; el_class=&#8221;bluebox&#8221;][vc_column width=&#8221;1\/3&#8243;][vc_column_text css_animation=&#8221;fadeIn&#8221;]<\/p>\n<p style=\"text-align: center;\"><span style=\"color: #ffffff; font-size: 24px;\"> \u00d6FFNUNGSZEITEN:<\/span><\/p>\n<p style=\"text-align: center;\"><span style=\"color: #ffffff; font-size: 24px;\"> JETZT NEU<\/span><\/p>\n<p>[\/vc_column_text][\/vc_column][vc_column width=&#8221;1\/3&#8243;][vc_column_text css_animation=&#8221;fadeIn&#8221;]<\/p>\n<p style=\"text-align: center;\"><span style=\"color: #ffffff; font-size: 24px;\"> DI-FR: 14-19h<br \/>\n<\/span><\/p>\n<p style=\"text-align: center;\"><span style=\"color: #ffffff; font-size: 24px;\"> FAMILY SESSION KIDS BIS 8J + ELTERN<br \/>\n<\/span><\/p>\n<p>[\/vc_column_text][\/vc_column][vc_column width=&#8221;1\/3&#8243;][vc_column_text css_animation=&#8221;fadeIn&#8221;]<\/p>\n<p style=\"text-align: center;\"><span style=\"color: #ffffff; font-size: 24px;\">SA\/SO\/FEIERTAGS 13:00 &#8211; 19:00h<br \/>\n<\/span><\/p>\n<p style=\"text-align: center;\"><span style=\"color: #ffffff; font-size: 24px;\">JEDEN SAMSTAG 10:30 &#8211; 13:00h<br \/>\n<\/span><\/p>\n<p>[\/vc_column_text][\/vc_column][\/vc_row][vc_row full_width=&#8221;stretch_row_content&#8221; css=&#8221;.vc_custom_1558515885693{margin-top: 0px !important;margin-right: 0px !important;margin-bottom: 0px !important;margin-left: 0px !important;border-top-width: 0px !important;border-right-width: 0px !important;border-bottom-width: 0px !important;border-left-width: 0px !important;padding-top: 0px !important;padding-right: 0px !important;padding-bottom: 0px !important;padding-left: 0px !important;}&#8221;][vc_column css=&#8221;.vc_custom_1558515880928{margin-top: 0px !important;margin-right: 0px !important;margin-bottom: 0px !important;margin-left: 0px !important;border-top-width: 0px !important;border-right-width: 0px !important;border-bottom-width: 0px !important;border-left-width: 0px !important;padding-top: 0px !important;padding-right: 0px !important;padding-bottom: 0px !important;padding-left: 0px !important;}&#8221;][vc_row_inner css=&#8221;.vc_custom_1558515903773{margin-top: 0px !important;margin-right: 0px !important;margin-bottom: 0px !important;margin-left: 0px !important;border-top-width: 0px !important;border-right-width: 0px !important;border-bottom-width: 0px !important;border-left-width: 0px !important;padding-top: 0px !important;padding-right: 0px !important;padding-bottom: 0px !important;padding-left: 0px !important;}&#8221;][vc_column_inner width=&#8221;1\/3&#8243; css=&#8221;.vc_custom_1558515875022{margin-top: 0px !important;margin-right: 0px !important;margin-bottom: 0px !important;margin-left: 0px !important;border-top-width: 0px !important;border-right-width: 0px !important;border-bottom-width: 0px !important;border-left-width: 0px !important;padding-top: 0px !important;padding-right: 0px !important;padding-bottom: 0px !important;padding-left: 0px !important;}&#8221;][vc_single_image image=&#8221;715&#8243; img_size=&#8221;full&#8221; css=&#8221;.vc_custom_1582301058707{margin-top: 0px !important;margin-right: 0px !important;margin-bottom: -35px !important;margin-left: 0px !important;border-top-width: 0px !important;border-right-width: 0px !important;border-bottom-width: 0px !important;border-left-width: 0px !important;padding-top: 0px !important;padding-right: 0px !important;padding-bottom: 0px !important;padding-left: 0px !important;}&#8221;][\/vc_column_inner][vc_column_inner width=&#8221;1\/3&#8243; css=&#8221;.vc_custom_1558515852773{margin-top: 0px !important;margin-right: 0px !important;margin-bottom: 0px !important;margin-left: 0px !important;border-top-width: 0px !important;border-right-width: 0px !important;border-bottom-width: 0px !important;border-left-width: 0px !important;padding-top: 0px !important;padding-right: 0px !important;padding-bottom: 0px !important;padding-left: 0px !important;}&#8221;][vc_single_image image=&#8221;714&#8243; img_size=&#8221;full&#8221; css=&#8221;.vc_custom_1582301070403{margin-top: 0px !important;margin-right: 0px !important;margin-bottom: -35px !important;margin-left: 0px !important;border-top-width: 0px !important;border-right-width: 0px !important;border-bottom-width: 0px !important;border-left-width: 0px !important;padding-top: 0px !important;padding-right: 0px !important;padding-bottom: 0px !important;padding-left: 0px !important;}&#8221;][\/vc_column_inner][vc_column_inner width=&#8221;1\/3&#8243; css=&#8221;.vc_custom_1558515717664{margin-top: 0px !important;margin-right: 0px !important;margin-bottom: 0px !important;margin-left: 0px !important;border-top-width: 0px !important;border-right-width: 0px !important;border-bottom-width: 0px !important;border-left-width: 0px !important;padding-top: 0px !important;padding-right: 0px !important;padding-bottom: 0px !important;padding-left: 0px !important;}&#8221;][vc_single_image image=&#8221;713&#8243; img_size=&#8221;full&#8221; css=&#8221;.vc_custom_1582301080441{margin-top: 0px !important;margin-right: 0px !important;margin-bottom: -35px !important;margin-left: 0px !important;border-top-width: 0px !important;border-right-width: 0px !important;border-bottom-width: 0px !important;border-left-width: 0px !important;padding-top: 0px !important;padding-right: 0px !important;padding-bottom: 0px !important;padding-left: 0px !important;}&#8221;][\/vc_column_inner][\/vc_row_inner][\/vc_column][\/vc_row]<\/p>\n<\/div>","protected":false},"excerpt":{"rendered":"<p>[vc_row][vc_column][vc_column_text css=&#8221;&#8221;] Partytime &amp; Geburtstage Gruppen und Geburtstage jederzeit w\u00e4hrend der regul\u00e4ren \u00d6ffnungszeiten buchbar.\u00a0 Der AIRPARC ist auch au\u00dferhalb der \u00d6ffnungszeiten buchbar. Gruppen ab 20 Personen<span class=\"excerpt-hellip\"> [\u2026]<\/span><\/p>\n","protected":false},"author":2,"featured_media":0,"parent":0,"menu_order":40,"comment_status":"closed","ping_status":"closed","template":"","meta":{"footnotes":""},"class_list":["post-205","page","type-page","status-publish","hentry"],"_links":{"self":[{"href":"https:\/\/airparc.com\/zillertal\/wp-json\/wp\/v2\/pages\/205","targetHints":{"allow":["GET"]}}],"collection":[{"href":"https:\/\/airparc.com\/zillertal\/wp-json\/wp\/v2\/pages"}],"about":[{"href":"https:\/\/airparc.com\/zillertal\/wp-json\/wp\/v2\/types\/page"}],"author":[{"embeddable":true,"href":"https:\/\/airparc.com\/zillertal\/wp-json\/wp\/v2\/users\/2"}],"replies":[{"embeddable":true,"href":"https:\/\/airparc.com\/zillertal\/wp-json\/wp\/v2\/comments?post=205"}],"version-history":[{"count":22,"href":"https:\/\/airparc.com\/zillertal\/wp-json\/wp\/v2\/pages\/205\/revisions"}],"predecessor-version":[{"id":1019,"href":"https:\/\/airparc.com\/zillertal\/wp-json\/wp\/v2\/pages\/205\/revisions\/1019"}],"wp:attachment":[{"href":"https:\/\/airparc.com\/zillertal\/wp-json\/wp\/v2\/media?parent=205"}],"curies":[{"name":"wp","href":"https:\/\/api.w.org\/{rel}","templated":true}]}}