{"id":225,"date":"2019-05-22T08:35:00","date_gmt":"2019-05-22T08:35:00","guid":{"rendered":"http:\/\/twostep-dev.eu\/airparc\/?page_id=225"},"modified":"2025-11-27T11:19:10","modified_gmt":"2025-11-27T11:19:10","slug":"stubai","status":"publish","type":"page","link":"https:\/\/airparc.com\/stubai\/","title":{"rendered":"Stubai"},"content":{"rendered":"<div class=\"wpb-content-wrapper\"><p>[vc_row full_width=&#8221;stretch_row_content&#8221; css=&#8221;.vc_custom_1558970028264{background-color: #2991d6 !important;}&#8221;][vc_column width=&#8221;1\/3&#8243;][vc_column_text css_animation=&#8221;fadeIn&#8221;]<\/p>\n<p style=\"text-align: center;\"><span style=\"color: #ffffff; font-size: 24px;\"> Anfahrt ab Innsbruck: 15 min<\/span><\/p>\n<p>[\/vc_column_text][\/vc_column][vc_column width=&#8221;1\/3&#8243;][vc_column_text css_animation=&#8221;fadeIn&#8221; css=&#8221;&#8221;]<\/p>\n<p style=\"text-align: center;\"><span style=\"color: #ffffff; font-size: 24px;\"> 2 Stunden: \u20ac21<\/span><\/p>\n<p>[\/vc_column_text][\/vc_column][vc_column width=&#8221;1\/3&#8243;][vc_column_text css_animation=&#8221;fadeIn&#8221;]<\/p>\n<p style=\"text-align: center;\"><span style=\"color: #ffffff; font-size: 24px;\">endless fun<\/span><\/p>\n<p>[\/vc_column_text][\/vc_column][\/vc_row][vc_row full_width=&#8221;stretch_row&#8221; equal_height=&#8221;yes&#8221; content_placement=&#8221;middle&#8221; css=&#8221;.vc_custom_1558620636135{margin-top: 0px !important;}&#8221;][vc_column][vc_empty_space height=&#8221;30px&#8221;][\/vc_column][\/vc_row][vc_row full_width=&#8221;stretch_row&#8221; equal_height=&#8221;yes&#8221; content_placement=&#8221;middle&#8221; css=&#8221;.vc_custom_1558620636135{margin-top: 0px !important;}&#8221;][vc_column][vc_column_text]<\/p>\n<h1 style=\"text-align: center;\">Tirols gr\u00f6\u00dftes Indoor- Freizeit und Freestylecenter auf 6000m\u00b2<\/h1>\n<p>[\/vc_column_text][vc_empty_space height=&#8221;30px&#8221;][vc_column_text]<\/p>\n<p style=\"text-align: center;\">AIRPARC das Original. Mit langj\u00e4hriger Erfahrung und einem trendsportbegeisterten Team erf\u00fcllt er alle Tr\u00e4ume Funsportbegeisterter mitten in den Tiroler Bergen. Hier stehen der Spa\u00df und die Bewegung im Vordergrund. Ein ganzj\u00e4hrig ge\u00f6ffneter Playground der wetterunabh\u00e4ngig Zugang zu Trendsportarten bietet. Outdoor-Aktivit\u00e4ten wie Freeski, Snowboard, Parkour, Freestyle Akrobatik, Gymnastik, Skate, und vieles mehr ganzj\u00e4hrig zug\u00e4nglich im modernen Indoor-Playground.<\/p>\n<p style=\"text-align: center;\">Das in Kombination mit dem StuBay Schwimm und Rutschenparadies!<\/p>\n<p style=\"text-align: center;\"><strong>Alles in einem Haus: AIRPARC, Schwimmbad, Fitness, Sauna und Gastro. FUN f\u00fcr die ganze Familie!<\/strong><\/p>\n<p>[\/vc_column_text][\/vc_column][\/vc_row][vc_row full_width=&#8221;stretch_row&#8221; equal_height=&#8221;yes&#8221; content_placement=&#8221;middle&#8221; css=&#8221;.vc_custom_1558620636135{margin-top: 0px !important;}&#8221;][vc_column][vc_empty_space height=&#8221;50px&#8221;][\/vc_column][\/vc_row][vc_row css=&#8221;.vc_custom_1597143754482{margin-bottom: 0px !important;padding-bottom: 3px !important;}&#8221;][vc_column width=&#8221;1\/3&#8243;]<div class=\"quick_fact align_center animate-math\"><h4 class=\"title heading_tag \">Fl\u00e4che<\/h4><div class=\"number-wrapper\"><span class=\"number\" data-to=\"1300\">1300<\/span><span class=\"label postfix\">m\u00b2<\/span><\/div><h3 class=\"title title_tag \">AIRPARC<\/h3><hr class=\"hr_narrow\" \/><div class=\"desc\"><\/div><\/div>\n[\/vc_column][vc_column width=&#8221;1\/3&#8243;]<div class=\"quick_fact align_center animate-math\"><h4 class=\"title heading_tag \">Fl\u00e4che<\/h4><div class=\"number-wrapper\"><span class=\"number\" data-to=\"4500\">4500<\/span><span class=\"label postfix\">m\u00b2<\/span><\/div><h3 class=\"title title_tag \">Freizeitcenter<\/h3><hr class=\"hr_narrow\" \/><div class=\"desc\"><\/div><\/div>\n[\/vc_column][vc_column width=&#8221;1\/3&#8243;]<div class=\"quick_fact align_center animate-math\"><h4 class=\"title heading_tag \">Fl\u00e4che<\/h4><div class=\"number-wrapper\"><span class=\"label prefix\">+<\/span><span class=\"number\" data-to=\"10000\">10000<\/span><span class=\"label postfix\">m\u00b2<\/span><\/div><h3 class=\"title title_tag \">Badebereich<\/h3><hr class=\"hr_narrow\" \/><div class=\"desc\"><\/div><\/div>\n[\/vc_column][\/vc_row][vc_row full_width=&#8221;stretch_row&#8221; equal_height=&#8221;yes&#8221; content_placement=&#8221;middle&#8221; css=&#8221;.vc_custom_1597143743406{margin-top: 0px !important;padding-top: 0px !important;}&#8221;][vc_column][vc_empty_space height=&#8221;30px&#8221;][\/vc_column][\/vc_row][vc_row full_width=&#8221;stretch_row_content&#8221; css=&#8221;.vc_custom_1568817224849{background-color: #2991d6 !important;}&#8221; el_class=&#8221;bluebox&#8221;][vc_column width=&#8221;1\/3&#8243;][vc_column_text css_animation=&#8221;fadeIn&#8221; el_class=&#8221;blueboxes&#8221;]<\/p>\n<p style=\"text-align: center;\"><span style=\"color: #ffffff; font-size: 24px;\"> \u00d6FFNUNGSZEITEN:<\/span><\/p>\n<p>[\/vc_column_text][\/vc_column][vc_column width=&#8221;1\/3&#8243;][vc_column_text css_animation=&#8221;fadeIn&#8221; el_class=&#8221;blueboxes&#8221;]<\/p>\n<p style=\"text-align: center;\"><span style=\"color: #ffffff; font-size: 24px;\"> DI-FR: 14-19.00h<br \/>\n<\/span><\/p>\n<p>[\/vc_column_text][\/vc_column][vc_column width=&#8221;1\/3&#8243;][vc_column_text css_animation=&#8221;fadeIn&#8221; el_class=&#8221;blueboxes&#8221;]<\/p>\n<p style=\"text-align: center;\"><span style=\"color: #ffffff; font-size: 24px;\">SA\/SO\/FEIERTAG: 12-19.00 h<\/span><\/p>\n<p>[\/vc_column_text][\/vc_column][\/vc_row][vc_row full_width=&#8221;stretch_row_content&#8221; css=&#8221;.vc_custom_1568817224849{background-color: #2991d6 !important;}&#8221; el_class=&#8221;bluebox&#8221;][vc_column][vc_column_text css_animation=&#8221;fadeIn&#8221; css=&#8221;&#8221; el_class=&#8221;blueboxes&#8221;]<\/p>\n<p style=\"text-align: center;\"><a href=\"https:\/\/airparc.com\/stubai\/preise\/\"><span style=\"color: #ffffff; font-size: 24px;\">Jeden Sonntag Family Session 10-12h f\u00fcr Kids bis 8 Jahre+Aufsichtspersonen<\/span><\/a><\/p>\n<p>[\/vc_column_text][\/vc_column][\/vc_row][vc_row full_width=&#8221;stretch_row_content&#8221; css=&#8221;.vc_custom_1558515885693{margin-top: 0px !important;margin-right: 0px !important;margin-bottom: 0px !important;margin-left: 0px !important;border-top-width: 0px !important;border-right-width: 0px !important;border-bottom-width: 0px !important;border-left-width: 0px !important;padding-top: 0px !important;padding-right: 0px !important;padding-bottom: 0px !important;padding-left: 0px !important;}&#8221;][vc_column css=&#8221;.vc_custom_1558515880928{margin-top: 0px !important;margin-right: 0px !important;margin-bottom: 0px !important;margin-left: 0px !important;border-top-width: 0px !important;border-right-width: 0px !important;border-bottom-width: 0px !important;border-left-width: 0px !important;padding-top: 0px !important;padding-right: 0px !important;padding-bottom: 0px !important;padding-left: 0px !important;}&#8221;][vc_row_inner css=&#8221;.vc_custom_1558515903773{margin-top: 0px !important;margin-right: 0px !important;margin-bottom: 0px !important;margin-left: 0px !important;border-top-width: 0px !important;border-right-width: 0px !important;border-bottom-width: 0px !important;border-left-width: 0px !important;padding-top: 0px !important;padding-right: 0px !important;padding-bottom: 0px !important;padding-left: 0px !important;}&#8221;][vc_column_inner width=&#8221;1\/3&#8243; css=&#8221;.vc_custom_1558515875022{margin-top: 0px !important;margin-right: 0px !important;margin-bottom: 0px !important;margin-left: 0px !important;border-top-width: 0px !important;border-right-width: 0px !important;border-bottom-width: 0px !important;border-left-width: 0px !important;padding-top: 0px !important;padding-right: 0px !important;padding-bottom: 0px !important;padding-left: 0px !important;}&#8221;][vc_single_image image=&#8221;980&#8243; img_size=&#8221;full&#8221; css=&#8221;.vc_custom_1764242158564{margin-top: 0px !important;margin-right: 0px !important;margin-bottom: -35px !important;margin-left: 0px !important;border-top-width: 0px !important;border-right-width: 0px !important;border-bottom-width: 0px !important;border-left-width: 0px !important;padding-top: 0px !important;padding-right: 0px !important;padding-bottom: 0px !important;padding-left: 0px !important;}&#8221;][\/vc_column_inner][vc_column_inner width=&#8221;1\/3&#8243; css=&#8221;.vc_custom_1558515852773{margin-top: 0px !important;margin-right: 0px !important;margin-bottom: 0px !important;margin-left: 0px !important;border-top-width: 0px !important;border-right-width: 0px !important;border-bottom-width: 0px !important;border-left-width: 0px !important;padding-top: 0px !important;padding-right: 0px !important;padding-bottom: 0px !important;padding-left: 0px !important;}&#8221;][vc_single_image image=&#8221;981&#8243; img_size=&#8221;full&#8221; css=&#8221;.vc_custom_1764242248170{margin-top: 0px !important;margin-right: 0px !important;margin-bottom: -35px !important;margin-left: 0px !important;border-top-width: 0px !important;border-right-width: 0px !important;border-bottom-width: 0px !important;border-left-width: 0px !important;padding-top: 0px !important;padding-right: 0px !important;padding-bottom: 0px !important;padding-left: 0px !important;}&#8221;][\/vc_column_inner][vc_column_inner width=&#8221;1\/3&#8243; css=&#8221;.vc_custom_1558515717664{margin-top: 0px !important;margin-right: 0px !important;margin-bottom: 0px !important;margin-left: 0px !important;border-top-width: 0px !important;border-right-width: 0px !important;border-bottom-width: 0px !important;border-left-width: 0px !important;padding-top: 0px !important;padding-right: 0px !important;padding-bottom: 0px !important;padding-left: 0px !important;}&#8221;][vc_single_image image=&#8221;982&#8243; img_size=&#8221;full&#8221; css=&#8221;.vc_custom_1764242340322{margin-top: 0px !important;margin-right: 0px !important;margin-bottom: -35px !important;margin-left: 0px !important;border-top-width: 0px !important;border-right-width: 0px !important;border-bottom-width: 0px !important;border-left-width: 0px !important;padding-top: 0px !important;padding-right: 0px !important;padding-bottom: 0px !important;padding-left: 0px !important;}&#8221;][\/vc_column_inner][\/vc_row_inner][\/vc_column][\/vc_row]<\/p>\n<\/div>","protected":false},"excerpt":{"rendered":"<p>[vc_row full_width=&#8221;stretch_row_content&#8221; css=&#8221;.vc_custom_1558970028264{background-color: #2991d6 !important;}&#8221;][vc_column width=&#8221;1\/3&#8243;][vc_column_text css_animation=&#8221;fadeIn&#8221;] Anfahrt ab Innsbruck: 15 min [\/vc_column_text][\/vc_column][vc_column width=&#8221;1\/3&#8243;][vc_column_text css_animation=&#8221;fadeIn&#8221; css=&#8221;&#8221;] 2 Stunden: \u20ac21 [\/vc_column_text][\/vc_column][vc_column width=&#8221;1\/3&#8243;][vc_column_text css_animation=&#8221;fadeIn&#8221;] endless fun [\/vc_column_text][\/vc_column][\/vc_row][vc_row full_width=&#8221;stretch_row&#8221;<span class=\"excerpt-hellip\"> [\u2026]<\/span><\/p>\n","protected":false},"author":2,"featured_media":0,"parent":0,"menu_order":0,"comment_status":"closed","ping_status":"closed","template":"","meta":{"footnotes":""},"class_list":["post-225","page","type-page","status-publish","hentry"],"_links":{"self":[{"href":"https:\/\/airparc.com\/stubai\/wp-json\/wp\/v2\/pages\/225","targetHints":{"allow":["GET"]}}],"collection":[{"href":"https:\/\/airparc.com\/stubai\/wp-json\/wp\/v2\/pages"}],"about":[{"href":"https:\/\/airparc.com\/stubai\/wp-json\/wp\/v2\/types\/page"}],"author":[{"embeddable":true,"href":"https:\/\/airparc.com\/stubai\/wp-json\/wp\/v2\/users\/2"}],"replies":[{"embeddable":true,"href":"https:\/\/airparc.com\/stubai\/wp-json\/wp\/v2\/comments?post=225"}],"version-history":[{"count":21,"href":"https:\/\/airparc.com\/stubai\/wp-json\/wp\/v2\/pages\/225\/revisions"}],"predecessor-version":[{"id":983,"href":"https:\/\/airparc.com\/stubai\/wp-json\/wp\/v2\/pages\/225\/revisions\/983"}],"wp:attachment":[{"href":"https:\/\/airparc.com\/stubai\/wp-json\/wp\/v2\/media?parent=225"}],"curies":[{"name":"wp","href":"https:\/\/api.w.org\/{rel}","templated":true}]}}