{"id":200,"date":"2019-05-20T13:53:31","date_gmt":"2019-05-20T13:53:31","guid":{"rendered":"http:\/\/twostep-dev.eu\/airparc\/?page_id=200"},"modified":"2025-11-03T08:29:33","modified_gmt":"2025-11-03T08:29:33","slug":"parc","status":"publish","type":"page","link":"https:\/\/airparc.com\/stubai\/parc\/","title":{"rendered":"Airparc"},"content":{"rendered":"<div class=\"wpb-content-wrapper\"><p>[vc_row][vc_column][vc_video link=&#8221;https:\/\/www.youtube.com\/watch?v=i5tqQ2L9rbw&#8221; el_aspect=&#8221;235&#8243; align=&#8221;center&#8221;][\/vc_column][\/vc_row][vc_row][vc_column][vc_empty_space height=&#8221;15px&#8221;][vc_empty_space height=&#8221;15px&#8221;][\/vc_column][\/vc_row][vc_row][vc_column][vc_column_text]<\/p>\n<h2 style=\"text-align: center;\">AIRPARC<br \/>\nunendliche M\u00f6glichkeiten<\/h2>\n<p style=\"text-align: center;\">Probiere etwas neues und wachse \u00fcber dich hinaus. Verbessere deine Freeskie skills oder trainiere deine neuesten Freerunning moves.<\/p>\n<p>[\/vc_column_text][\/vc_column][\/vc_row][vc_row][vc_column][vc_empty_space height=&#8221;15px&#8221;][vc_empty_space height=&#8221;15px&#8221;][\/vc_column][\/vc_row][vc_row equal_height=&#8221;yes&#8221; content_placement=&#8221;middle&#8221;][vc_column width=&#8221;1\/2&#8243;][vc_column_text css=&#8221;&#8221;]<\/p>\n<h3>Trampolinbereich<\/h3>\n<ul>F\u00fcr Gruppen ab 10 Personen ist der AIRPARC auch au\u00dferhalb der \u00d6ffnungszeiten buchbar. F\u00fcr kleinere Gruppen, jederzeit w\u00e4hrend der regul\u00e4ren \u00d6ffnungszeiten buchbar.<\/p>\n<li>2x Supertramp mit je 5,5&#215;5,5m (5square-Eurotramp)<\/li>\n<li>2x GrandMaster Trampolin 5,2&#215;3,5m (Eurotramp Grand Master)<\/li>\n<li>1x Trampolinbahn 12&#215;2,5m<\/li>\n<li>3x Square Trampoline mit Inflatables. Je 2,5&#215;2,5m<\/li>\n<li>1x Acon X Trampolin<\/li>\n<li>2x Mintramp<\/li>\n<li>1x Airtrack-75degrees Walljump<\/li>\n<li>2x Wall-Platform jump<\/li>\n<li>1x Spine<\/li>\n<li>1x Landingbag 11x5m (Infklatable Jump Platform &amp; Tramp-Jumps-&gt;Airbag)<\/li>\n<\/ul>\n<p>[\/vc_column_text][\/vc_column][vc_column width=&#8221;1\/2&#8243;][vc_single_image image=&#8221;269&#8243; img_size=&#8221;full&#8221; alignment=&#8221;center&#8221;][\/vc_column][\/vc_row][vc_row][vc_column][vc_empty_space height=&#8221;15px&#8221;][vc_empty_space height=&#8221;15px&#8221;][\/vc_column][\/vc_row][vc_row equal_height=&#8221;yes&#8221; content_placement=&#8221;middle&#8221;][vc_column width=&#8221;1\/2&#8243;][vc_single_image image=&#8221;270&#8243; img_size=&#8221;full&#8221; alignment=&#8221;center&#8221;][\/vc_column][vc_column width=&#8221;1\/2&#8243;][vc_column_text css=&#8221;&#8221;]<\/p>\n<h3>Freerunning\/Parkour und Gymnastik Bereich<\/h3>\n<ul>\n<li>1x MEGA Airfloor mit 120m2<\/li>\n<li>40m\u00b2 Monkeybars Turnger\u00fcst ausgepolstert mit Wall und Kletterfearures<\/li>\n<li>2x Schr\u00e4gwand f\u00fcr wallflips\/spins etc&#8230;<\/li>\n<li>Variation an Boxen in versch. Ausf\u00fchrungen und H\u00f6hen -&gt; Verstellbar<\/li>\n<li>Schaumstoffbl\u00f6cke, Matten, Inflatable-Rollen etc&#8230; -&gt; Verstellbar<\/li>\n<li>Slackline<\/li>\n<li>2x Minitramp<\/li>\n<li>Das Equipment ist mobil und wird immer wieder umgestellt<\/li>\n<\/ul>\n<p>[\/vc_column_text][\/vc_column][\/vc_row][vc_row][vc_column][vc_empty_space height=&#8221;15px&#8221;][vc_empty_space height=&#8221;15px&#8221;][\/vc_column][\/vc_row][vc_row equal_height=&#8221;yes&#8221; content_placement=&#8221;middle&#8221;][vc_column width=&#8221;1\/2&#8243;][vc_column_text css=&#8221;&#8221;]<\/p>\n<h3>Skate and Jump<\/h3>\n<ul>\n<li>BigAir Rampe mit Landingbag 12x8m f\u00fcr Scooter, Bike &amp; Skate<\/li>\n<li>Freefall mit Landingbag 5x5m<\/li>\n<li>Miniramp f\u00fcr Scooter, Bike &amp; Skate<\/li>\n<\/ul>\n<p>[\/vc_column_text][\/vc_column][vc_column width=&#8221;1\/2&#8243;][vc_single_image image=&#8221;350&#8243; img_size=&#8221;full&#8221; alignment=&#8221;center&#8221;][\/vc_column][\/vc_row][vc_row][vc_column][vc_empty_space height=&#8221;15px&#8221;][vc_empty_space height=&#8221;15px&#8221;][\/vc_column][\/vc_row][vc_row equal_height=&#8221;yes&#8221; content_placement=&#8221;middle&#8221;][vc_column width=&#8221;1\/2&#8243;][vc_single_image image=&#8221;357&#8243; img_size=&#8221;full&#8221; alignment=&#8221;center&#8221;][\/vc_column][vc_column width=&#8221;1\/2&#8243;][vc_column_text css=&#8221;&#8221;]<\/p>\n<h3>HangOut<\/h3>\n<ul>\n<li>Party lounges. Gratis bei Geburtstagsbuchungen<\/li>\n<li>Tischtennis, Tischfussball(Gratis)<\/li>\n<li>Cool Drinks\/Snacks<\/li>\n<li>Hangout zum ausrasten und Energietanken120m\u00b2. Freier Aufenthalt f\u00fcr Begleitpersonen<\/li>\n<\/ul>\n<p>[\/vc_column_text][\/vc_column][\/vc_row][vc_row][vc_column][vc_empty_space height=&#8221;15px&#8221;][vc_empty_space height=&#8221;15px&#8221;][\/vc_column][\/vc_row][vc_row equal_height=&#8221;yes&#8221; content_placement=&#8221;middle&#8221;][vc_column width=&#8221;1\/2&#8243;][vc_single_image image=&#8221;519&#8243; img_size=&#8221;full&#8221; alignment=&#8221;center&#8221;][\/vc_column][vc_column width=&#8221;1\/2&#8243;][vc_single_image image=&#8221;520&#8243; img_size=&#8221;full&#8221; alignment=&#8221;center&#8221;][\/vc_column][\/vc_row][vc_row equal_height=&#8221;yes&#8221; content_placement=&#8221;middle&#8221;][vc_column width=&#8221;1\/2&#8243;][vc_single_image image=&#8221;522&#8243; img_size=&#8221;full&#8221; alignment=&#8221;center&#8221;][\/vc_column][vc_column width=&#8221;1\/2&#8243;][vc_single_image image=&#8221;521&#8243; img_size=&#8221;full&#8221; alignment=&#8221;center&#8221;][\/vc_column][\/vc_row][vc_row full_width=&#8221;stretch_row_content&#8221; css=&#8221;.vc_custom_1568817224849{background-color: #2991d6 !important;}&#8221; el_class=&#8221;bluebox&#8221;][vc_column width=&#8221;1\/3&#8243;][vc_column_text css_animation=&#8221;fadeIn&#8221;]<\/p>\n<p style=\"text-align: center;\"><span style=\"color: #ffffff; font-size: 24px;\"> \u00d6FFNUNGSZEITEN:<\/span><\/p>\n<p>[\/vc_column_text][\/vc_column][vc_column width=&#8221;1\/3&#8243;][vc_column_text css_animation=&#8221;fadeIn&#8221;]<\/p>\n<p style=\"text-align: center;\"><span style=\"color: #ffffff; font-size: 24px;\">DI-FR: 14-19.00 h<br \/>\n<\/span><\/p>\n<p>[\/vc_column_text][\/vc_column][vc_column width=&#8221;1\/3&#8243;][vc_column_text css_animation=&#8221;fadeIn&#8221;]<\/p>\n<p style=\"text-align: center;\"><span style=\"color: #ffffff; font-size: 24px;\">SA\/SO\/FEIERTAG: 12-19.00 h<br \/>\n<\/span><\/p>\n<p>[\/vc_column_text][\/vc_column][\/vc_row][vc_row][vc_column css=&#8221;.vc_custom_1597148088217{background-color: #2991d6 !important;}&#8221;][vc_column_text css=&#8221;&#8221;]<\/p>\n<p style=\"text-align: center;\"><a href=\"https:\/\/airparc.com\/stubai\/preise\/\"><span style=\"color: #ffffff; font-size: 24px;\">Jeden Sonntag Family Session 10-12h f\u00fcr Kids bis 8 Jahre+Aufsichtspersonen<\/span><\/a><\/p>\n<p>[\/vc_column_text][\/vc_column][\/vc_row][vc_row full_width=&#8221;stretch_row_content&#8221; css=&#8221;.vc_custom_1558515885693{margin-top: 0px !important;margin-right: 0px !important;margin-bottom: 0px !important;margin-left: 0px !important;border-top-width: 0px !important;border-right-width: 0px !important;border-bottom-width: 0px !important;border-left-width: 0px !important;padding-top: 0px !important;padding-right: 0px !important;padding-bottom: 0px !important;padding-left: 0px !important;}&#8221;][vc_column css=&#8221;.vc_custom_1558515880928{margin-top: 0px !important;margin-right: 0px !important;margin-bottom: 0px !important;margin-left: 0px !important;border-top-width: 0px !important;border-right-width: 0px !important;border-bottom-width: 0px !important;border-left-width: 0px !important;padding-top: 0px !important;padding-right: 0px !important;padding-bottom: 0px !important;padding-left: 0px !important;}&#8221;][vc_row_inner css=&#8221;.vc_custom_1558515903773{margin-top: 0px !important;margin-right: 0px !important;margin-bottom: 0px !important;margin-left: 0px !important;border-top-width: 0px !important;border-right-width: 0px !important;border-bottom-width: 0px !important;border-left-width: 0px !important;padding-top: 0px !important;padding-right: 0px !important;padding-bottom: 0px !important;padding-left: 0px !important;}&#8221;][vc_column_inner width=&#8221;1\/3&#8243; css=&#8221;.vc_custom_1558515875022{margin-top: 0px !important;margin-right: 0px !important;margin-bottom: 0px !important;margin-left: 0px !important;border-top-width: 0px !important;border-right-width: 0px !important;border-bottom-width: 0px !important;border-left-width: 0px !important;padding-top: 0px !important;padding-right: 0px !important;padding-bottom: 0px !important;padding-left: 0px !important;}&#8221;][vc_single_image image=&#8221;162&#8243; img_size=&#8221;full&#8221; css=&#8221;.vc_custom_1558516097432{margin-top: 0px !important;margin-right: 0px !important;margin-bottom: -35px !important;margin-left: 0px !important;border-top-width: 0px !important;border-right-width: 0px !important;border-bottom-width: 0px !important;border-left-width: 0px !important;padding-top: 0px !important;padding-right: 0px !important;padding-bottom: 0px !important;padding-left: 0px !important;}&#8221;][\/vc_column_inner][vc_column_inner width=&#8221;1\/3&#8243; css=&#8221;.vc_custom_1558515852773{margin-top: 0px !important;margin-right: 0px !important;margin-bottom: 0px !important;margin-left: 0px !important;border-top-width: 0px !important;border-right-width: 0px !important;border-bottom-width: 0px !important;border-left-width: 0px !important;padding-top: 0px !important;padding-right: 0px !important;padding-bottom: 0px !important;padding-left: 0px !important;}&#8221;][vc_single_image image=&#8221;163&#8243; img_size=&#8221;full&#8221; css=&#8221;.vc_custom_1558516155274{margin-top: 0px !important;margin-right: 0px !important;margin-bottom: -35px !important;margin-left: 0px !important;border-top-width: 0px !important;border-right-width: 0px !important;border-bottom-width: 0px !important;border-left-width: 0px !important;padding-top: 0px !important;padding-right: 0px !important;padding-bottom: 0px !important;padding-left: 0px !important;}&#8221;][\/vc_column_inner][vc_column_inner width=&#8221;1\/3&#8243; css=&#8221;.vc_custom_1558515717664{margin-top: 0px !important;margin-right: 0px !important;margin-bottom: 0px !important;margin-left: 0px !important;border-top-width: 0px !important;border-right-width: 0px !important;border-bottom-width: 0px !important;border-left-width: 0px !important;padding-top: 0px !important;padding-right: 0px !important;padding-bottom: 0px !important;padding-left: 0px !important;}&#8221;][vc_single_image image=&#8221;164&#8243; img_size=&#8221;full&#8221; css=&#8221;.vc_custom_1558516166386{margin-top: 0px !important;margin-right: 0px !important;margin-bottom: -35px !important;margin-left: 0px !important;border-top-width: 0px !important;border-right-width: 0px !important;border-bottom-width: 0px !important;border-left-width: 0px !important;padding-top: 0px !important;padding-right: 0px !important;padding-bottom: 0px !important;padding-left: 0px !important;}&#8221;][\/vc_column_inner][\/vc_row_inner][\/vc_column][\/vc_row]<\/p>\n<\/div>","protected":false},"excerpt":{"rendered":"<p>[vc_row][vc_column][vc_video link=&#8221;https:\/\/www.youtube.com\/watch?v=i5tqQ2L9rbw&#8221; el_aspect=&#8221;235&#8243; align=&#8221;center&#8221;][\/vc_column][\/vc_row][vc_row][vc_column][vc_empty_space height=&#8221;15px&#8221;][vc_empty_space height=&#8221;15px&#8221;][\/vc_column][\/vc_row][vc_row][vc_column][vc_column_text] AIRPARC unendliche M\u00f6glichkeiten Probiere etwas neues und wachse \u00fcber dich hinaus. Verbessere deine Freeskie skills oder trainiere deine neuesten Freerunning<span class=\"excerpt-hellip\"> [\u2026]<\/span><\/p>\n","protected":false},"author":2,"featured_media":0,"parent":0,"menu_order":10,"comment_status":"closed","ping_status":"closed","template":"","meta":{"footnotes":""},"class_list":["post-200","page","type-page","status-publish","hentry"],"_links":{"self":[{"href":"https:\/\/airparc.com\/stubai\/wp-json\/wp\/v2\/pages\/200","targetHints":{"allow":["GET"]}}],"collection":[{"href":"https:\/\/airparc.com\/stubai\/wp-json\/wp\/v2\/pages"}],"about":[{"href":"https:\/\/airparc.com\/stubai\/wp-json\/wp\/v2\/types\/page"}],"author":[{"embeddable":true,"href":"https:\/\/airparc.com\/stubai\/wp-json\/wp\/v2\/users\/2"}],"replies":[{"embeddable":true,"href":"https:\/\/airparc.com\/stubai\/wp-json\/wp\/v2\/comments?post=200"}],"version-history":[{"count":15,"href":"https:\/\/airparc.com\/stubai\/wp-json\/wp\/v2\/pages\/200\/revisions"}],"predecessor-version":[{"id":976,"href":"https:\/\/airparc.com\/stubai\/wp-json\/wp\/v2\/pages\/200\/revisions\/976"}],"wp:attachment":[{"href":"https:\/\/airparc.com\/stubai\/wp-json\/wp\/v2\/media?parent=200"}],"curies":[{"name":"wp","href":"https:\/\/api.w.org\/{rel}","templated":true}]}}